{"id":2195,"date":"2020-10-27T10:54:24","date_gmt":"2020-10-27T10:54:24","guid":{"rendered":"https:\/\/id-home.be\/galeries\/"},"modified":"2021-11-19T08:09:13","modified_gmt":"2021-11-19T08:09:13","slug":"galerijen","status":"publish","type":"page","link":"https:\/\/id-home.be\/nl\/galerijen\/","title":{"rendered":"Galerijen"},"content":{"rendered":"<p>[vc_row css=&#8221;.vc_custom_1603894429159{padding-right: 120px !important;padding-left: 120px !important;}&#8221;][vc_column]\n\n    <main\n            class=\"page-header-3 \"  >\n        <div class=\"container\">\n            <div class=\"row\">\n                <div class=\"col-md-3\">\n                    <div class=\"title-hr\"><\/div>\n                <\/div>\n                <div class=\"col-md-8 col-lg-6\"><h1>Galerijen<\/h1><\/div>\n            <\/div>\n        <\/div>\n    <\/main>\n\t[\/vc_column][\/vc_row][vc_row el_class=&#8221;.container&#8221; css=&#8221;.vc_custom_1606145684554{padding-bottom: 30px !important;}&#8221;][vc_column width=&#8221;1\/3&#8243;]\r\n\t\t<div\r\n\t\t\tclass=\"twentytwenty-container wb_vc_baic_container\"\r\n\t\t\tid=\"wb_before_after_1_1778071500\"\r\n\t\t\tdata-before-text = \"Voor\"\r\n\t\t\tdata-after-text = \"Na\"\r\n\t\t\tdata-orientation = \"horizontal\"\r\n\t\t\tdata-move_slider_on_hover = \"\"\r\n\t\t\tdata-click_to_move = \"\"\r\n\t\t\tdata-default_offset = \"0.5\"\r\n\t\t>\r\n\t\t\t<img width=\"400\" height=\"300\" src=\"https:\/\/id-home.be\/wp-content\/uploads\/2021\/01\/9f1a6c13-2474-437b-a6c1-fd2eca3cd487-before.jpg\" class=\"attachment-large size-large\" alt=\"Transformation garage en chambre - avant\" loading=\"lazy\" srcset=\"https:\/\/id-home.be\/wp-content\/uploads\/2021\/01\/9f1a6c13-2474-437b-a6c1-fd2eca3cd487-before.jpg 400w, https:\/\/id-home.be\/wp-content\/uploads\/2021\/01\/9f1a6c13-2474-437b-a6c1-fd2eca3cd487-before-300x225.jpg 300w\" sizes=\"(max-width: 400px) 100vw, 400px\" \/>\t\t\t<img width=\"400\" height=\"300\" src=\"https:\/\/id-home.be\/wp-content\/uploads\/2021\/01\/9d01caeb-3387-49e5-8f5f-61bc48dfdf7d-after.jpg\" class=\"attachment-large size-large\" alt=\"Transformation garage en chambre - apr\u00e8s\" loading=\"lazy\" srcset=\"https:\/\/id-home.be\/wp-content\/uploads\/2021\/01\/9d01caeb-3387-49e5-8f5f-61bc48dfdf7d-after.jpg 400w, https:\/\/id-home.be\/wp-content\/uploads\/2021\/01\/9d01caeb-3387-49e5-8f5f-61bc48dfdf7d-after-300x225.jpg 300w\" sizes=\"(max-width: 400px) 100vw, 400px\" \/>\t\t<\/div>\r\n<!--  -->\r\n[vc_custom_heading text=&#8221;Verbouwing&#8221; font_container=&#8221;tag:h4|text_align:center&#8221; use_theme_fonts=&#8221;yes&#8221; link=&#8221;url:%2Fnl%2Fgalerijen-verbouwing%2F&#8221;][\/vc_column][vc_column width=&#8221;1\/3&#8243;]\r\n\t\t<div\r\n\t\t\tclass=\"twentytwenty-container wb_vc_baic_container\"\r\n\t\t\tid=\"wb_before_after_2_1778071500\"\r\n\t\t\tdata-before-text = \"Voor\"\r\n\t\t\tdata-after-text = \"Na\"\r\n\t\t\tdata-orientation = \"horizontal\"\r\n\t\t\tdata-move_slider_on_hover = \"\"\r\n\t\t\tdata-click_to_move = \"\"\r\n\t\t\tdata-default_offset = \"0.5\"\r\n\t\t>\r\n\t\t\t<img width=\"400\" height=\"300\" src=\"https:\/\/id-home.be\/wp-content\/uploads\/2021\/01\/2-before.jpg\" class=\"attachment-large size-large\" alt=\"R\u00e9novation fa\u00e7ade - avant\" loading=\"lazy\" srcset=\"https:\/\/id-home.be\/wp-content\/uploads\/2021\/01\/2-before.jpg 400w, https:\/\/id-home.be\/wp-content\/uploads\/2021\/01\/2-before-300x225.jpg 300w\" sizes=\"(max-width: 400px) 100vw, 400px\" \/>\t\t\t<img width=\"400\" height=\"300\" src=\"https:\/\/id-home.be\/wp-content\/uploads\/2021\/01\/2-1-after.jpg\" class=\"attachment-large size-large\" alt=\"R\u00e9novation fa\u00e7ade - apr\u00e8s\" loading=\"lazy\" srcset=\"https:\/\/id-home.be\/wp-content\/uploads\/2021\/01\/2-1-after.jpg 400w, https:\/\/id-home.be\/wp-content\/uploads\/2021\/01\/2-1-after-300x225.jpg 300w\" sizes=\"(max-width: 400px) 100vw, 400px\" \/>\t\t<\/div>\r\n<!--  -->\r\n[vc_custom_heading text=&#8221;Renovatie&#8221; font_container=&#8221;tag:h4|text_align:center&#8221; use_theme_fonts=&#8221;yes&#8221; link=&#8221;url:%2Fnl%2Fgalerijen-renovatie%2F&#8221;][\/vc_column][vc_column width=&#8221;1\/3&#8243;]\r\n\t\t<div\r\n\t\t\tclass=\"twentytwenty-container wb_vc_baic_container\"\r\n\t\t\tid=\"wb_before_after_3_1778071500\"\r\n\t\t\tdata-before-text = \"Voor\"\r\n\t\t\tdata-after-text = \"Na\"\r\n\t\t\tdata-orientation = \"horizontal\"\r\n\t\t\tdata-move_slider_on_hover = \"\"\r\n\t\t\tdata-click_to_move = \"\"\r\n\t\t\tdata-default_offset = \"0.5\"\r\n\t\t>\r\n\t\t\t<img width=\"400\" height=\"300\" src=\"https:\/\/id-home.be\/wp-content\/uploads\/2021\/01\/carrelage-before.jpg\" class=\"attachment-large size-large\" alt=\"carrelage avant\" loading=\"lazy\" srcset=\"https:\/\/id-home.be\/wp-content\/uploads\/2021\/01\/carrelage-before.jpg 400w, https:\/\/id-home.be\/wp-content\/uploads\/2021\/01\/carrelage-before-300x225.jpg 300w\" sizes=\"(max-width: 400px) 100vw, 400px\" \/>\t\t\t<img width=\"400\" height=\"300\" src=\"https:\/\/id-home.be\/wp-content\/uploads\/2021\/01\/carrelage-after.jpg\" class=\"attachment-large size-large\" alt=\"carrelage apr\u00e8s\" loading=\"lazy\" srcset=\"https:\/\/id-home.be\/wp-content\/uploads\/2021\/01\/carrelage-after.jpg 400w, https:\/\/id-home.be\/wp-content\/uploads\/2021\/01\/carrelage-after-300x225.jpg 300w\" sizes=\"(max-width: 400px) 100vw, 400px\" \/>\t\t<\/div>\r\n<!--  -->\r\n[vc_custom_heading text=&#8221;Tegels&#8221; font_container=&#8221;tag:h4|text_align:center&#8221; use_theme_fonts=&#8221;yes&#8221; link=&#8221;url:%2Fnl%2Fgalerijen-tegels%2F&#8221;][\/vc_column][\/vc_row][vc_row disable_element=&#8221;yes&#8221; el_class=&#8221;.container&#8221; css=&#8221;.vc_custom_1611909307740{padding-bottom: 30px !important;}&#8221;][vc_column width=&#8221;1\/3&#8243;][vc_single_image image=&#8221;2242&#8243; img_size=&#8221;400&#215;600&#8243; alignment=&#8221;center&#8221; onclick=&#8221;custom_link&#8221; link=&#8221;\/galerie-transformation\/&#8221;][vc_custom_heading text=&#8221;Transformation&#8221; font_container=&#8221;tag:h4|text_align:center&#8221; use_theme_fonts=&#8221;yes&#8221; link=&#8221;url:%2Fgalerie-transformation%2F|title:Galerie%20%E2%80%93%20Transformation&#8221;][\/vc_column][vc_column width=&#8221;1\/3&#8243;][vc_single_image image=&#8221;2258&#8243; img_size=&#8221;400&#215;600&#8243; alignment=&#8221;center&#8221; onclick=&#8221;custom_link&#8221; link=&#8221;\/galerie-renovation\/&#8221;][vc_custom_heading text=&#8221;R\u00e9novation&#8221; font_container=&#8221;tag:h4|text_align:center&#8221; use_theme_fonts=&#8221;yes&#8221; link=&#8221;url:%2Fgalerie-renovation%2F|title:Galerie%20%E2%80%93%20R%C3%A9novation&#8221;][\/vc_column][vc_column width=&#8221;1\/3&#8243;][vc_single_image image=&#8221;2188&#8243; img_size=&#8221;400&#215;600&#8243; alignment=&#8221;center&#8221; onclick=&#8221;custom_link&#8221; link=&#8221;\/galerie-carrelages\/&#8221;][vc_custom_heading text=&#8221;Carrelages&#8221; font_container=&#8221;tag:h4|text_align:center&#8221; use_theme_fonts=&#8221;yes&#8221; link=&#8221;url:%2Fgalerie-carrelages%2F|title:Galerie%20%E2%80%93%20Carrelages&#8221;][\/vc_column][\/vc_row][vc_row full_width=&#8221;stretch_row&#8221; content_placement=&#8221;middle&#8221; css=&#8221;.vc_custom_1614004253613{background-color: #ffe105 !important;}&#8221;][vc_column offset=&#8221;vc_hidden-sm vc_hidden-xs&#8221;][vc_row_inner el_class=&#8221;.container&#8221;][vc_column_inner width=&#8221;2\/3&#8243;][vc_column_text]<span style=\"font-size: 18pt; color: #272727;\"><strong>Laat uw dromen uitkomen, binnen en buiten.<\/strong><\/span>[\/vc_column_text][\/vc_column_inner][vc_column_inner width=&#8221;1\/3&#8243;][vc_btn title=&#8221;<b>NEEM CONTACT MET ONS OP<\/b>&#8221; style=&#8221;outline-custom&#8221; outline_custom_color=&#8221;#272727&#8243; outline_custom_hover_background=&#8221;&#8221; outline_custom_hover_text=&#8221;#ffffff&#8221; shape=&#8221;square&#8221; align=&#8221;right&#8221; link=&#8221;url:%2Fnl%2Fcontact%2F&#8221;][\/vc_column_inner][\/vc_row_inner][\/vc_column][\/vc_row][vc_row full_width=&#8221;stretch_row&#8221; content_placement=&#8221;middle&#8221; css=&#8221;.vc_custom_1611847131180{margin-top: 50px !important;background-color: #ffe105 !important;}&#8221;][vc_column offset=&#8221;vc_hidden-lg vc_hidden-md&#8221;][vc_row_inner el_class=&#8221;.container&#8221;][vc_column_inner width=&#8221;2\/3&#8243;][vc_column_text]<\/p>\n<p style=\"text-align: center;\"><span style=\"font-size: 18pt; color: #272727;\"><strong>Laat uw dromen uitkomen, binnen en buiten.<\/strong><\/span><\/p>\n<p>[\/vc_column_text][\/vc_column_inner][vc_column_inner width=&#8221;1\/3&#8243;][vc_btn title=&#8221;<b>NEEM CONTACT MET ONS OP<\/b>&#8221; style=&#8221;outline-custom&#8221; outline_custom_color=&#8221;#272727&#8243; outline_custom_hover_background=&#8221;&#8221; outline_custom_hover_text=&#8221;#ffffff&#8221; shape=&#8221;square&#8221; align=&#8221;center&#8221; link=&#8221;url:%2Fnl%2Fcontact%2F&#8221;][\/vc_column_inner][\/vc_row_inner][\/vc_column][\/vc_row][vc_row full_width=&#8221;stretch_row&#8221; gap=&#8221;10&#8243;][vc_column width=&#8221;1\/3&#8243; offset=&#8221;vc_hidden-md vc_hidden-sm vc_hidden-xs&#8221;][vc_custom_heading text=&#8221;DECAHOME GROEP&#8221; font_container=&#8221;tag:h5|text_align:left&#8221; use_theme_fonts=&#8221;yes&#8221;][vc_column_text]<a href=\"https:\/\/id-home.be\"><img loading=\"lazy\" class=\"alignnone size-full wp-image-1506\" src=\"\/wp-content\/uploads\/2020\/11\/Footer_ID.png\" alt=\"ID-Home\" width=\"115\" height=\"115\" \/><\/a> <a href=\"https:\/\/decahome.be\" target=\"_blank\" rel=\"noopener noreferrer\"><img loading=\"lazy\" class=\"alignnone size-full wp-image-1505\" src=\"\/wp-content\/uploads\/2020\/11\/Footer_DH.png\" alt=\"Deca Home\" width=\"115\" height=\"115\" \/><\/a>[\/vc_column_text][\/vc_column][vc_column width=&#8221;1\/3&#8243; offset=&#8221;vc_hidden-md vc_hidden-sm vc_hidden-xs&#8221;][vc_custom_heading text=&#8221;ONZE SHOWROOMS&#8221; font_container=&#8221;tag:h5|text_align:left&#8221; use_theme_fonts=&#8221;yes&#8221;][vc_wp_custommenu nav_menu=&#8221;40&#8243; el_class=&#8221;menu-magasins&#8221;][\/vc_column][vc_column width=&#8221;1\/3&#8243; offset=&#8221;vc_hidden-md vc_hidden-sm vc_hidden-xs&#8221;][vc_custom_heading text=&#8221;INFORMATIE&#8221; font_container=&#8221;tag:h5|text_align:left&#8221; use_theme_fonts=&#8221;yes&#8221;][vc_wp_custommenu nav_menu=&#8221;18&#8243;][\/vc_column][\/vc_row][vc_row][vc_column offset=&#8221;vc_hidden-lg&#8221;][vc_row_inner][vc_column_inner width=&#8221;1\/2&#8243;][vc_custom_heading text=&#8221;DECAHOME GROEP&#8221; font_container=&#8221;tag:h5|text_align:left&#8221; use_theme_fonts=&#8221;yes&#8221;][vc_column_text]<a href=\"https:\/\/id-home.be\"><img loading=\"lazy\" class=\"alignnone size-full wp-image-1506\" src=\"\/wp-content\/uploads\/2020\/11\/Footer_ID.png\" alt=\"ID-Home\" width=\"115\" height=\"115\" \/><\/a> <a href=\"https:\/\/decahome.be\" target=\"_blank\" rel=\"noopener noreferrer\"><img loading=\"lazy\" class=\"alignnone size-full wp-image-1505\" src=\"\/wp-content\/uploads\/2020\/11\/Footer_DH.png\" alt=\"Deca Home\" width=\"115\" height=\"115\" \/><\/a>[\/vc_column_text][\/vc_column_inner][vc_column_inner width=&#8221;1\/2&#8243;][vc_custom_heading text=&#8221;ONZE SHOWROOMS&#8221; font_container=&#8221;tag:h5|text_align:left&#8221; use_theme_fonts=&#8221;yes&#8221;][vc_wp_custommenu nav_menu=&#8221;40&#8243; el_class=&#8221;menu-magasins&#8221;][\/vc_column_inner][\/vc_row_inner][\/vc_column][\/vc_row][vc_row][vc_column offset=&#8221;vc_hidden-lg&#8221;][vc_row_inner][vc_column_inner width=&#8221;1\/2&#8243;][vc_custom_heading text=&#8221;INFORMATIE&#8221; font_container=&#8221;tag:h5|text_align:left&#8221; use_theme_fonts=&#8221;yes&#8221;][vc_wp_custommenu nav_menu=&#8221;18&#8243;][\/vc_column_inner][vc_column_inner width=&#8221;1\/2&#8243;][\/vc_column_inner][\/vc_row_inner][\/vc_column][\/vc_row]<\/p>\n","protected":false},"excerpt":{"rendered":"<p>[vc_column width=&#8221;1\/3&#8243;][vc_single_image image=&#8221;2188&#8243; img_size=&#8221;400&#215;600&#8243; alignment=&#8221;center&#8221; onclick=&#8221;custom_link&#8221; [&hellip;]<\/p>\n","protected":false},"author":1,"featured_media":0,"parent":0,"menu_order":0,"comment_status":"closed","ping_status":"closed","template":"template-contacts.php","meta":{"_monsterinsights_skip_tracking":false,"_monsterinsights_sitenote_active":false,"_monsterinsights_sitenote_note":"","_monsterinsights_sitenote_category":0},"yoast_head":"<!-- This site is optimized with the Yoast SEO plugin v17.0 - https:\/\/yoast.com\/wordpress\/plugins\/seo\/ -->\n<title>Galeries photos chemin\u00e9es et carrelages - Deca Home<\/title>\n<meta name=\"robots\" content=\"index, follow, max-snippet:-1, max-image-preview:large, max-video-preview:-1\" \/>\n<link rel=\"canonical\" href=\"https:\/\/id-home.be\/nl\/galerijen\/\" \/>\n<meta property=\"og:locale\" content=\"nl_NL\" \/>\n<meta property=\"og:type\" content=\"article\" \/>\n<meta property=\"og:title\" content=\"Galeries photos chemin\u00e9es et carrelages - Deca Home\" \/>\n<meta property=\"og:description\" content=\"[vc_column width=&#8221;1\/3&#8243;][vc_single_image image=&#8221;2188&#8243; img_size=&#8221;400&#215;600&#8243; alignment=&#8221;center&#8221; onclick=&#8221;custom_link&#8221; [&hellip;]\" \/>\n<meta property=\"og:url\" content=\"https:\/\/id-home.be\/nl\/galerijen\/\" \/>\n<meta property=\"og:site_name\" content=\"ID Home\" \/>\n<meta property=\"article:modified_time\" content=\"2021-11-19T08:09:13+00:00\" \/>\n<meta property=\"og:image\" content=\"https:\/\/id-home.be\/wp-content\/uploads\/2020\/11\/Footer_ID.png\" \/>\n<meta name=\"twitter:card\" content=\"summary_large_image\" \/>\n<meta name=\"twitter:label1\" content=\"Geschatte leestijd\" \/>\n\t<meta name=\"twitter:data1\" content=\"2 minuten\" \/>\n<script type=\"application\/ld+json\" class=\"yoast-schema-graph\">{\"@context\":\"https:\/\/schema.org\",\"@graph\":[{\"@type\":\"WebSite\",\"@id\":\"https:\/\/id-home.be\/#website\",\"url\":\"https:\/\/id-home.be\/\",\"name\":\"ID Home\",\"description\":\"\",\"potentialAction\":[{\"@type\":\"SearchAction\",\"target\":{\"@type\":\"EntryPoint\",\"urlTemplate\":\"https:\/\/id-home.be\/?s={search_term_string}\"},\"query-input\":\"required name=search_term_string\"}],\"inLanguage\":\"nl\"},{\"@type\":\"ImageObject\",\"@id\":\"https:\/\/id-home.be\/nl\/galerijen\/#primaryimage\",\"inLanguage\":\"nl\",\"url\":\"\/wp-content\/uploads\/2020\/11\/Footer_ID.png\",\"contentUrl\":\"\/wp-content\/uploads\/2020\/11\/Footer_ID.png\"},{\"@type\":\"WebPage\",\"@id\":\"https:\/\/id-home.be\/nl\/galerijen\/#webpage\",\"url\":\"https:\/\/id-home.be\/nl\/galerijen\/\",\"name\":\"Galeries photos chemin\\u00e9es et carrelages - Deca Home\",\"isPartOf\":{\"@id\":\"https:\/\/id-home.be\/#website\"},\"primaryImageOfPage\":{\"@id\":\"https:\/\/id-home.be\/nl\/galerijen\/#primaryimage\"},\"datePublished\":\"2020-10-27T10:54:24+00:00\",\"dateModified\":\"2021-11-19T08:09:13+00:00\",\"breadcrumb\":{\"@id\":\"https:\/\/id-home.be\/nl\/galerijen\/#breadcrumb\"},\"inLanguage\":\"nl\",\"potentialAction\":[{\"@type\":\"ReadAction\",\"target\":[\"https:\/\/id-home.be\/nl\/galerijen\/\"]}]},{\"@type\":\"BreadcrumbList\",\"@id\":\"https:\/\/id-home.be\/nl\/galerijen\/#breadcrumb\",\"itemListElement\":[{\"@type\":\"ListItem\",\"position\":1,\"name\":\"Accueil\",\"item\":\"https:\/\/id-home.be\/nl\/\"},{\"@type\":\"ListItem\",\"position\":2,\"name\":\"Galerijen\"}]}]}<\/script>\n<!-- \/ Yoast SEO plugin. -->","yoast_head_json":{"title":"Galeries photos chemin\u00e9es et carrelages - Deca Home","robots":{"index":"index","follow":"follow","max-snippet":"max-snippet:-1","max-image-preview":"max-image-preview:large","max-video-preview":"max-video-preview:-1"},"canonical":"https:\/\/id-home.be\/nl\/galerijen\/","og_locale":"nl_NL","og_type":"article","og_title":"Galeries photos chemin\u00e9es et carrelages - Deca Home","og_description":"[vc_column width=&#8221;1\/3&#8243;][vc_single_image image=&#8221;2188&#8243; img_size=&#8221;400&#215;600&#8243; alignment=&#8221;center&#8221; onclick=&#8221;custom_link&#8221; [&hellip;]","og_url":"https:\/\/id-home.be\/nl\/galerijen\/","og_site_name":"ID Home","article_modified_time":"2021-11-19T08:09:13+00:00","og_image":[{"url":"https:\/\/id-home.be\/wp-content\/uploads\/2020\/11\/Footer_ID.png"}],"twitter_card":"summary_large_image","twitter_misc":{"Geschatte leestijd":"2 minuten"},"schema":{"@context":"https:\/\/schema.org","@graph":[{"@type":"WebSite","@id":"https:\/\/id-home.be\/#website","url":"https:\/\/id-home.be\/","name":"ID Home","description":"","potentialAction":[{"@type":"SearchAction","target":{"@type":"EntryPoint","urlTemplate":"https:\/\/id-home.be\/?s={search_term_string}"},"query-input":"required name=search_term_string"}],"inLanguage":"nl"},{"@type":"ImageObject","@id":"https:\/\/id-home.be\/nl\/galerijen\/#primaryimage","inLanguage":"nl","url":"\/wp-content\/uploads\/2020\/11\/Footer_ID.png","contentUrl":"\/wp-content\/uploads\/2020\/11\/Footer_ID.png"},{"@type":"WebPage","@id":"https:\/\/id-home.be\/nl\/galerijen\/#webpage","url":"https:\/\/id-home.be\/nl\/galerijen\/","name":"Galeries photos chemin\u00e9es et carrelages - Deca Home","isPartOf":{"@id":"https:\/\/id-home.be\/#website"},"primaryImageOfPage":{"@id":"https:\/\/id-home.be\/nl\/galerijen\/#primaryimage"},"datePublished":"2020-10-27T10:54:24+00:00","dateModified":"2021-11-19T08:09:13+00:00","breadcrumb":{"@id":"https:\/\/id-home.be\/nl\/galerijen\/#breadcrumb"},"inLanguage":"nl","potentialAction":[{"@type":"ReadAction","target":["https:\/\/id-home.be\/nl\/galerijen\/"]}]},{"@type":"BreadcrumbList","@id":"https:\/\/id-home.be\/nl\/galerijen\/#breadcrumb","itemListElement":[{"@type":"ListItem","position":1,"name":"Accueil","item":"https:\/\/id-home.be\/nl\/"},{"@type":"ListItem","position":2,"name":"Galerijen"}]}]}},"_links":{"self":[{"href":"https:\/\/id-home.be\/nl\/wp-json\/wp\/v2\/pages\/2195"}],"collection":[{"href":"https:\/\/id-home.be\/nl\/wp-json\/wp\/v2\/pages"}],"about":[{"href":"https:\/\/id-home.be\/nl\/wp-json\/wp\/v2\/types\/page"}],"author":[{"embeddable":true,"href":"https:\/\/id-home.be\/nl\/wp-json\/wp\/v2\/users\/1"}],"replies":[{"embeddable":true,"href":"https:\/\/id-home.be\/nl\/wp-json\/wp\/v2\/comments?post=2195"}],"version-history":[{"count":9,"href":"https:\/\/id-home.be\/nl\/wp-json\/wp\/v2\/pages\/2195\/revisions"}],"predecessor-version":[{"id":2542,"href":"https:\/\/id-home.be\/nl\/wp-json\/wp\/v2\/pages\/2195\/revisions\/2542"}],"wp:attachment":[{"href":"https:\/\/id-home.be\/nl\/wp-json\/wp\/v2\/media?parent=2195"}],"curies":[{"name":"wp","href":"https:\/\/api.w.org\/{rel}","templated":true}]}}