{"id":2271,"date":"2017-04-19T07:58:39","date_gmt":"2017-04-19T07:58:39","guid":{"rendered":"https:\/\/id-home.be\/contact\/"},"modified":"2022-04-26T08:30:34","modified_gmt":"2022-04-26T08:30:34","slug":"contact","status":"publish","type":"page","link":"https:\/\/id-home.be\/nl\/contact\/","title":{"rendered":"Contact"},"content":{"rendered":"<p>[vc_row][vc_column]\n\n    <main\n            class=\"page-header-3 \"  id=\"Titre\"  >\n        <div class=\"container\">\n            <div class=\"row\">\n                <div class=\"col-md-3\">\n                    <div class=\"title-hr\"><\/div>\n                <\/div>\n                <div class=\"col-md-8 col-lg-6\"><h1>Contact<\/h1><\/div>\n            <\/div>\n        <\/div>\n    <\/main>\n\t[\/vc_column][\/vc_row][vc_row el_class=&#8221;.container&#8221;][vc_column width=&#8221;1\/2&#8243;][vc_column_text]<\/p>\n<h5 style=\"text-align: left;\">SPIERE SHOWROOM<\/h5>\n<p style=\"text-align: left;\"><i class=\"fa fa-location-arrow\" aria-hidden=\"true\"><\/i>\u2002Ijzeren Bareel 22A \u2013 8587 Spiere<br \/>\n<i class=\"fa fa-phone\" aria-hidden=\"true\"><\/i>\u2002Telefoon :\u00a0<a class=\"p-tel\" title=\"Companion: Call +3256457845\" href=\"tel:+3256457845\" data-pnd=\"link\">+ 32 (0) 56 45 78 45<\/a><br \/>\n<i class=\"fa fa-envelope-o\" aria-hidden=\"true\"><\/i>\u2002Email :\u00a0<a href=\"mailto:info@id-home.be\">info@id-home.be<\/a><br \/>\n<i class=\"fa fa-facebook-official\" aria-hidden=\"true\"><\/i>\u2002Vind ons op\u00a0<a href=\"https:\/\/www.facebook.com\/DecaHomeGroupe\" target=\"_blank\" rel=\"noopener noreferrer\">Facebook<\/a><\/p>\n<p>[\/vc_column_text][vc_column_text]<\/p>\n<h5>UREN<\/h5>\n<p><strong>OPEN<\/strong><br \/>\nvan maandag t.e.m. vrijdag<br \/>\n10u00 \u2013 12u00 en 14u00 \u2013 18u00<br \/>\nop zaterdag<br \/>\n10u00 &#8211; 14u00 NON STOP of op afspraak<br \/>\n<b>GESLOTEN op dinsdag en zondag<\/b>[\/vc_column_text][vc_raw_html]JTNDaWZyYW1lJTIwc3JjJTNEJTIyaHR0cHMlM0ElMkYlMkZ3d3cuZ29vZ2xlLmNvbSUyRm1hcHMlMkZlbWJlZCUzRnBiJTNEJTIxMW0xNCUyMTFtOCUyMTFtMyUyMTFkMTAxMDIuMTk1ODY5MDQwNjQ1JTIxMmQzLjMyOTEwOTYlMjEzZDUwLjcyODMwNjMlMjEzbTIlMjExaTEwMjQlMjEyaTc2OCUyMTRmMTMuMSUyMTNtMyUyMTFtMiUyMTFzMHgwJTI1M0EweDlkM2IxODJmZjM4MjE3ODElMjEyc0lkLWhvbWUlMjUyMHIlMjVDMyUyNUE5bm92YXRpb24lMjUyMGQlMjYlMjMzOSUzQmludCUyNUMzJTI1QTlyaWV1ciUyMTVlMCUyMTNtMiUyMTFzZnIlMjEyc2JlJTIxNHYxNjA3OTUzNjc4MDY3JTIxNW0yJTIxMXNmciUyMTJzYmUlMjIlMjB3aWR0aCUzRCUyMjEwMCUyNSUyMiUyMGhlaWdodCUzRCUyMjQwMCUyMiUyMGZyYW1lYm9yZGVyJTNEJTIyMCUyMiUyMHN0eWxlJTNEJTIyYm9yZGVyJTNBMCUzQiUyMiUyMGFsbG93ZnVsbHNjcmVlbiUzRCUyMiUyMiUyMGFyaWEtaGlkZGVuJTNEJTIyZmFsc2UlMjIlMjB0YWJpbmRleCUzRCUyMjAlMjIlM0UlM0MlMkZpZnJhbWUlM0U=[\/vc_raw_html][\/vc_column][vc_column width=&#8221;1\/2&#8243;][vc_column_text]<\/p>\n<h5 style=\"text-align: left;\">ATH SHOWROOM<\/h5>\n<p style=\"text-align: left;\"><i class=\"fa fa-location-arrow\" aria-hidden=\"true\"><\/i>\u2002Rue de Brantignies, 8 \u2013 7800 Ath<br \/>\n<i class=\"fa fa-phone\" aria-hidden=\"true\"><\/i>\u2002Telefoon :\u00a0<a href=\"tel:+3256457845\">+ 32 (0) 56 45 78 45<\/a><br \/>\n<i class=\"fas fa-phone\" aria-hidden=\"true\"><\/i>\u2002GSM : <a href=\"tel:+32492547639\">+ 32 (0) 492 54 76 39<\/a><br \/>\n<i class=\"fa fa-envelope-o\" aria-hidden=\"true\"><\/i>\u2002Email :\u00a0<a href=\"mailto:info@id-home.be\">info@id-home.be<\/a><\/p>\n<p>[\/vc_column_text][vc_column_text]<\/p>\n<h5>UREN<\/h5>\n<p><strong>OPEN<\/strong><br \/>\nvan donderdag t.e.m. vrijdag<br \/>\n10u00 &#8211; 12u00 en 13u00 &#8211; 18u00<br \/>\nop zaterdag<br \/>\n10u00 &#8211; 14u00 NON STOP[\/vc_column_text][vc_raw_html]JTNDaWZyYW1lJTIwc3JjJTNEJTIyaHR0cHMlM0ElMkYlMkZ3d3cuZ29vZ2xlLmNvbSUyRm1hcHMlMkZlbWJlZCUzRnBiJTNEJTIxMW0xNCUyMTFtOCUyMTFtMyUyMTFkMTAxMjMuMDIzMjI1NzQzNzg2JTIxMmQzLjc3NzAyMjclMjEzZDUwLjYzMTY1MyUyMTNtMiUyMTFpMTAyNCUyMTJpNzY4JTIxNGYxMy4xJTIxM20zJTIxMW0yJTIxMXMweDAlMjUzQTB4ZDJlMGNiMTEzODIyYWE2OCUyMTJzRGVjYSUyNTIwSG9tZSUyNTIwR3JvdXBlJTIxNWUwJTIxM20yJTIxMXNmciUyMTJzYmUlMjE0djE2MzYxMDI1MjUzNTMlMjE1bTIlMjExc2ZyJTIxMnNiZSUyMiUyMHdpZHRoJTNEJTIyMTAwJTI1JTIyJTIwaGVpZ2h0JTNEJTIyNDAwJTIyJTIwc3R5bGUlM0QlMjJib3JkZXIlM0EwJTNCJTIyJTIwYWxsb3dmdWxsc2NyZWVuJTNEJTIyJTIyJTIwbG9hZGluZyUzRCUyMmxhenklMjIlM0UlM0MlMkZpZnJhbWUlM0U=[\/vc_raw_html][\/vc_column][\/vc_row][vc_row el_class=&#8221;.container&#8221; css=&#8221;.vc_custom_1606225575798{margin-top: 30px !important;padding-bottom: 50px !important;}&#8221;][vc_column]<div role=\"form\" class=\"wpcf7\" id=\"wpcf7-f740-o1\" lang=\"fr-FR\" dir=\"ltr\">\n<div class=\"screen-reader-response\"><p role=\"status\" aria-live=\"polite\" aria-atomic=\"true\"><\/p> <ul><\/ul><\/div>\n<form action=\"\/nl\/wp-json\/wp\/v2\/pages\/2271#wpcf7-f740-o1\" method=\"post\" class=\"wpcf7-form init\" novalidate=\"novalidate\" data-status=\"init\">\n<div style=\"display: none;\">\n<input type=\"hidden\" name=\"_wpcf7\" value=\"740\" \/>\n<input type=\"hidden\" name=\"_wpcf7_version\" value=\"5.4.2\" \/>\n<input type=\"hidden\" name=\"_wpcf7_locale\" value=\"fr_FR\" \/>\n<input type=\"hidden\" name=\"_wpcf7_unit_tag\" value=\"wpcf7-f740-o1\" \/>\n<input type=\"hidden\" name=\"_wpcf7_container_post\" value=\"0\" \/>\n<input type=\"hidden\" name=\"_wpcf7_posted_data_hash\" value=\"\" \/>\n<input type=\"hidden\" name=\"_wpcf7_recaptcha_response\" value=\"\" \/>\n<\/div>\n<form class=\"js-form\" novalidate=\"novalidate\">\n<div class=\"row\">\n<div class=\"form-group col-sm-12 col-lg-6\">\n<span class=\"wpcf7-form-control-wrap nom\"><input type=\"text\" name=\"nom\" value=\"\" size=\"40\" class=\"wpcf7-form-control wpcf7-text wpcf7-validates-as-required input-gray\" aria-required=\"true\" aria-invalid=\"false\" placeholder=\"Nom *\" \/><\/span>\n<\/div>\n<div class=\"form-group col-sm-12 col-lg-6\">\n<span class=\"wpcf7-form-control-wrap prenom\"><input type=\"text\" name=\"prenom\" value=\"\" size=\"40\" class=\"wpcf7-form-control wpcf7-text wpcf7-validates-as-required input-gray\" aria-required=\"true\" aria-invalid=\"false\" placeholder=\"Pr\u00e9nom *\" \/><\/span>\n<\/div>\n<div class=\"form-group col-sm-12 col-lg-6\">\n<span class=\"wpcf7-form-control-wrap email\"><input type=\"email\" name=\"email\" value=\"\" size=\"40\" class=\"wpcf7-form-control wpcf7-text wpcf7-email wpcf7-validates-as-required wpcf7-validates-as-email input-gray\" aria-required=\"true\" aria-invalid=\"false\" placeholder=\"E-mail *\" \/><\/span>\n<\/div>\n<div class=\"form-group col-sm-12 col-lg-6\">\n<span class=\"wpcf7-form-control-wrap tel\"><input type=\"text\" name=\"tel\" value=\"\" size=\"40\" class=\"wpcf7-form-control wpcf7-text input-gray\" aria-invalid=\"false\" placeholder=\"T\u00e9l\u00e9phone\" \/><\/span>\n<\/div>\n<div class=\"form-group col-sm-12\">\n<span class=\"wpcf7-form-control-wrap objet\"><input type=\"text\" name=\"objet\" value=\"\" size=\"40\" class=\"wpcf7-form-control wpcf7-text wpcf7-validates-as-required input-gray\" aria-required=\"true\" aria-invalid=\"false\" placeholder=\"Objet de votre demande *\" \/><\/span>\n<\/div>\n<div class=\"form-group col-sm-12\">\n<span class=\"wpcf7-form-control-wrap message\"><textarea name=\"message\" cols=\"40\" rows=\"10\" class=\"wpcf7-form-control wpcf7-textarea wpcf7-validates-as-required input-gray\" aria-required=\"true\" aria-invalid=\"false\" placeholder=\"Message *\"><\/textarea><\/span>\n<\/div>\n<div class=\"col-sm-12\">\n<span class=\"wpcf7-form-control-wrap acceptance-21\"><span class=\"wpcf7-form-control wpcf7-acceptance\"><span class=\"wpcf7-list-item\"><label><input type=\"checkbox\" name=\"acceptance-21\" value=\"1\" aria-invalid=\"false\" \/><span class=\"wpcf7-list-item-label\">En cochant cette case, j'accepte que mes donn\u00e9es personnelles soient utilis\u00e9es dans le cadre de ma demande et je confirme avoir pris connaissance de la politique de confidentialit\u00e9.<\/span><\/label><\/span><\/span><\/span>\n<\/div>\n<div class=\"col-sm-12\">\n<input type=\"submit\" value=\"Envoyer ma demande\" class=\"wpcf7-form-control wpcf7-submit btn-upper btn-yellow btn\" \/>\n<\/div>\n<\/div>\n<\/form>\n<div class=\"wpcf7-response-output\" aria-hidden=\"true\"><\/div><\/form><\/div>[\/vc_column][\/vc_row][vc_row disable_element=&#8221;yes&#8221; el_class=&#8221;.container&#8221; css=&#8221;.vc_custom_1636102983045{margin-top: 30px !important;padding-bottom: 50px !important;}&#8221;][vc_column][vc_column_text]<\/p>\n<h5>VIND ONS<\/h5>\n<p>[\/vc_column_text][vc_raw_html]JTNDaWZyYW1lJTIwc3JjJTNEJTIyaHR0cHMlM0ElMkYlMkZ3d3cuZ29vZ2xlLmNvbSUyRm1hcHMlMkZlbWJlZCUzRnBiJTNEJTIxMW0xNCUyMTFtOCUyMTFtMyUyMTFkMTAxMDIuMTk1ODY5MDQwNjQ1JTIxMmQzLjMyOTEwOTYlMjEzZDUwLjcyODMwNjMlMjEzbTIlMjExaTEwMjQlMjEyaTc2OCUyMTRmMTMuMSUyMTNtMyUyMTFtMiUyMTFzMHgwJTI1M0EweDlkM2IxODJmZjM4MjE3ODElMjEyc0lkLWhvbWUlMjUyMHIlMjVDMyUyNUE5bm92YXRpb24lMjUyMGQlMjYlMjMzOSUzQmludCUyNUMzJTI1QTlyaWV1ciUyMTVlMCUyMTNtMiUyMTFzZnIlMjEyc2JlJTIxNHYxNjA3OTUzNjc4MDY3JTIxNW0yJTIxMXNmciUyMTJzYmUlMjIlMjB3aWR0aCUzRCUyMjEwMCUyNSUyMiUyMGhlaWdodCUzRCUyMjQwMCUyMiUyMGZyYW1lYm9yZGVyJTNEJTIyMCUyMiUyMHN0eWxlJTNEJTIyYm9yZGVyJTNBMCUzQiUyMiUyMGFsbG93ZnVsbHNjcmVlbiUzRCUyMiUyMiUyMGFyaWEtaGlkZGVuJTNEJTIyZmFsc2UlMjIlMjB0YWJpbmRleCUzRCUyMjAlMjIlM0UlM0MlMkZpZnJhbWUlM0U=[\/vc_raw_html][\/vc_column][\/vc_row][vc_row full_width=&#8221;stretch_row&#8221; content_placement=&#8221;middle&#8221; css=&#8221;.vc_custom_1611909136272{margin-top: 50px !important;background-color: #ffe105 !important;}&#8221;][vc_column offset=&#8221;vc_hidden-sm vc_hidden-xs&#8221;][vc_row_inner el_class=&#8221;.container&#8221;][vc_column_inner width=&#8221;2\/3&#8243;][vc_column_text]<span style=\"font-size: 18pt; color: #272727;\"><strong>Een haardproject ? Ontdek Deca Home.<\/strong><\/span>[\/vc_column_text][\/vc_column_inner][vc_column_inner width=&#8221;1\/3&#8243;][vc_btn title=&#8221;<b>NAAR DE WEBSITE<\/b>&#8221; style=&#8221;outline-custom&#8221; outline_custom_color=&#8221;#272727&#8243; outline_custom_hover_background=&#8221;&#8221; outline_custom_hover_text=&#8221;#ffffff&#8221; shape=&#8221;square&#8221; align=&#8221;right&#8221; link=&#8221;url:https%3A%2F%2Fdecahome.be|title:Deca%20Home|target:_blank&#8221;][\/vc_column_inner][\/vc_row_inner][\/vc_column][\/vc_row][vc_row full_width=&#8221;stretch_row&#8221; content_placement=&#8221;middle&#8221; css=&#8221;.vc_custom_1611909141054{margin-top: 50px !important;background-color: #ffe105 !important;}&#8221;][vc_column offset=&#8221;vc_hidden-lg vc_hidden-md&#8221;][vc_row_inner el_class=&#8221;.container&#8221;][vc_column_inner width=&#8221;2\/3&#8243;][vc_column_text]<\/p>\n<p style=\"text-align: center;\"><span style=\"font-size: 18pt; color: #272727;\"><strong>Een haardproject ? Ontdek Deca Home.<\/strong><\/span><\/p>\n<p>[\/vc_column_text][\/vc_column_inner][vc_column_inner width=&#8221;1\/3&#8243;][vc_btn title=&#8221;<b>NAAR DE WEBSITE<\/b>&#8221; style=&#8221;outline-custom&#8221; outline_custom_color=&#8221;#272727&#8243; outline_custom_hover_background=&#8221;&#8221; outline_custom_hover_text=&#8221;#ffffff&#8221; shape=&#8221;square&#8221; align=&#8221;center&#8221; link=&#8221;url:https%3A%2F%2Fdecahome.be|title:Deca%20Home|target:_blank&#8221;][\/vc_column_inner][\/vc_row_inner][\/vc_column][\/vc_row][vc_row full_width=&#8221;stretch_row&#8221; gap=&#8221;10&#8243;][vc_column width=&#8221;1\/3&#8243; offset=&#8221;vc_hidden-md vc_hidden-sm vc_hidden-xs&#8221;][vc_custom_heading text=&#8221;DECAHOME GROEP&#8221; font_container=&#8221;tag:h5|text_align:left&#8221; use_theme_fonts=&#8221;yes&#8221;][vc_column_text]<a href=\"https:\/\/id-home.be\"><img loading=\"lazy\" class=\"alignnone size-full wp-image-1506\" src=\"\/wp-content\/uploads\/2020\/11\/Footer_ID.png\" alt=\"ID-Home\" width=\"115\" height=\"115\" \/><\/a> <a href=\"https:\/\/decahome.be\" target=\"_blank\" rel=\"noopener noreferrer\"><img loading=\"lazy\" class=\"alignnone size-full wp-image-1505\" src=\"\/wp-content\/uploads\/2020\/11\/Footer_DH.png\" alt=\"Deca Home\" width=\"115\" height=\"115\" \/><\/a>[\/vc_column_text][\/vc_column][vc_column width=&#8221;1\/3&#8243; offset=&#8221;vc_hidden-md vc_hidden-sm vc_hidden-xs&#8221;][vc_custom_heading text=&#8221;ONZE SHOWROOMS&#8221; font_container=&#8221;tag:h5|text_align:left&#8221; use_theme_fonts=&#8221;yes&#8221;][vc_wp_custommenu nav_menu=&#8221;40&#8243; el_class=&#8221;menu-magasins&#8221;][\/vc_column][vc_column width=&#8221;1\/3&#8243; offset=&#8221;vc_hidden-md vc_hidden-sm vc_hidden-xs&#8221;][vc_custom_heading text=&#8221;INFORMATIE&#8221; font_container=&#8221;tag:h5|text_align:left&#8221; use_theme_fonts=&#8221;yes&#8221;][vc_wp_custommenu nav_menu=&#8221;18&#8243;][\/vc_column][\/vc_row][vc_row][vc_column offset=&#8221;vc_hidden-lg&#8221;][vc_row_inner][vc_column_inner width=&#8221;1\/2&#8243;][vc_custom_heading text=&#8221;DECAHOME GROEP&#8221; font_container=&#8221;tag:h5|text_align:left&#8221; use_theme_fonts=&#8221;yes&#8221;][vc_column_text]<a href=\"https:\/\/id-home.be\"><img loading=\"lazy\" class=\"alignnone size-full wp-image-1506\" src=\"\/wp-content\/uploads\/2020\/11\/Footer_ID.png\" alt=\"ID-Home\" width=\"115\" height=\"115\" \/><\/a> <a href=\"https:\/\/decahome.be\" target=\"_blank\" rel=\"noopener noreferrer\"><img loading=\"lazy\" class=\"alignnone size-full wp-image-1505\" src=\"\/wp-content\/uploads\/2020\/11\/Footer_DH.png\" alt=\"Deca Home\" width=\"115\" height=\"115\" \/><\/a>[\/vc_column_text][\/vc_column_inner][vc_column_inner width=&#8221;1\/2&#8243;][vc_custom_heading text=&#8221;ONZE SHOWROOMS&#8221; font_container=&#8221;tag:h5|text_align:left&#8221; use_theme_fonts=&#8221;yes&#8221;][vc_wp_custommenu nav_menu=&#8221;40&#8243; el_class=&#8221;menu-magasins&#8221;][\/vc_column_inner][\/vc_row_inner][\/vc_column][\/vc_row][vc_row][vc_column offset=&#8221;vc_hidden-lg&#8221;][vc_row_inner][vc_column_inner width=&#8221;1\/2&#8243;][vc_custom_heading text=&#8221;INFORMATIE&#8221; font_container=&#8221;tag:h5|text_align:left&#8221; use_theme_fonts=&#8221;yes&#8221;][vc_wp_custommenu nav_menu=&#8221;18&#8243;][\/vc_column_inner][vc_column_inner width=&#8221;1\/2&#8243;][\/vc_column_inner][\/vc_row_inner][\/vc_column][\/vc_row]<\/p>\n","protected":false},"excerpt":{"rendered":"<p>[\/vc_column][vc_column width=&#8221;1\/2&#8243;][vc_column_text] ATH [&hellip;]<\/p>\n","protected":false},"author":1,"featured_media":0,"parent":0,"menu_order":0,"comment_status":"closed","ping_status":"closed","template":"template-contacts.php","meta":{"_monsterinsights_skip_tracking":false,"_monsterinsights_sitenote_active":false,"_monsterinsights_sitenote_note":"","_monsterinsights_sitenote_category":0},"yoast_head":"<!-- This site is optimized with the Yoast SEO plugin v17.0 - https:\/\/yoast.com\/wordpress\/plugins\/seo\/ -->\n<title>Contact - ID Home<\/title>\n<meta name=\"robots\" content=\"index, follow, max-snippet:-1, max-image-preview:large, max-video-preview:-1\" \/>\n<link rel=\"canonical\" href=\"https:\/\/id-home.be\/nl\/contact\/\" \/>\n<meta property=\"og:locale\" content=\"nl_NL\" \/>\n<meta property=\"og:type\" content=\"article\" \/>\n<meta property=\"og:title\" content=\"Contact - ID Home\" \/>\n<meta property=\"og:description\" content=\"[\/vc_column][vc_column width=&#8221;1\/2&#8243;][vc_column_text] ATH [&hellip;]\" \/>\n<meta property=\"og:url\" content=\"https:\/\/id-home.be\/nl\/contact\/\" \/>\n<meta property=\"og:site_name\" content=\"ID Home\" \/>\n<meta property=\"article:modified_time\" content=\"2022-04-26T08:30:34+00:00\" \/>\n<meta property=\"og:image\" content=\"https:\/\/id-home.be\/wp-content\/uploads\/2020\/11\/Footer_ID.png\" \/>\n<meta name=\"twitter:card\" content=\"summary_large_image\" \/>\n<meta name=\"twitter:label1\" content=\"Geschatte leestijd\" \/>\n\t<meta name=\"twitter:data1\" content=\"2 minuten\" \/>\n<script type=\"application\/ld+json\" class=\"yoast-schema-graph\">{\"@context\":\"https:\/\/schema.org\",\"@graph\":[{\"@type\":\"WebSite\",\"@id\":\"https:\/\/id-home.be\/#website\",\"url\":\"https:\/\/id-home.be\/\",\"name\":\"ID Home\",\"description\":\"\",\"potentialAction\":[{\"@type\":\"SearchAction\",\"target\":{\"@type\":\"EntryPoint\",\"urlTemplate\":\"https:\/\/id-home.be\/?s={search_term_string}\"},\"query-input\":\"required name=search_term_string\"}],\"inLanguage\":\"nl\"},{\"@type\":\"ImageObject\",\"@id\":\"https:\/\/id-home.be\/nl\/contact\/#primaryimage\",\"inLanguage\":\"nl\",\"url\":\"\/wp-content\/uploads\/2020\/11\/Footer_ID.png\",\"contentUrl\":\"\/wp-content\/uploads\/2020\/11\/Footer_ID.png\"},{\"@type\":\"WebPage\",\"@id\":\"https:\/\/id-home.be\/nl\/contact\/#webpage\",\"url\":\"https:\/\/id-home.be\/nl\/contact\/\",\"name\":\"Contact - ID Home\",\"isPartOf\":{\"@id\":\"https:\/\/id-home.be\/#website\"},\"primaryImageOfPage\":{\"@id\":\"https:\/\/id-home.be\/nl\/contact\/#primaryimage\"},\"datePublished\":\"2017-04-19T07:58:39+00:00\",\"dateModified\":\"2022-04-26T08:30:34+00:00\",\"breadcrumb\":{\"@id\":\"https:\/\/id-home.be\/nl\/contact\/#breadcrumb\"},\"inLanguage\":\"nl\",\"potentialAction\":[{\"@type\":\"ReadAction\",\"target\":[\"https:\/\/id-home.be\/nl\/contact\/\"]}]},{\"@type\":\"BreadcrumbList\",\"@id\":\"https:\/\/id-home.be\/nl\/contact\/#breadcrumb\",\"itemListElement\":[{\"@type\":\"ListItem\",\"position\":1,\"name\":\"Accueil\",\"item\":\"https:\/\/id-home.be\/nl\/\"},{\"@type\":\"ListItem\",\"position\":2,\"name\":\"Contact\"}]}]}<\/script>\n<!-- \/ Yoast SEO plugin. -->","yoast_head_json":{"title":"Contact - ID Home","robots":{"index":"index","follow":"follow","max-snippet":"max-snippet:-1","max-image-preview":"max-image-preview:large","max-video-preview":"max-video-preview:-1"},"canonical":"https:\/\/id-home.be\/nl\/contact\/","og_locale":"nl_NL","og_type":"article","og_title":"Contact - ID Home","og_description":"[\/vc_column][vc_column width=&#8221;1\/2&#8243;][vc_column_text] ATH [&hellip;]","og_url":"https:\/\/id-home.be\/nl\/contact\/","og_site_name":"ID Home","article_modified_time":"2022-04-26T08:30:34+00:00","og_image":[{"url":"https:\/\/id-home.be\/wp-content\/uploads\/2020\/11\/Footer_ID.png"}],"twitter_card":"summary_large_image","twitter_misc":{"Geschatte leestijd":"2 minuten"},"schema":{"@context":"https:\/\/schema.org","@graph":[{"@type":"WebSite","@id":"https:\/\/id-home.be\/#website","url":"https:\/\/id-home.be\/","name":"ID Home","description":"","potentialAction":[{"@type":"SearchAction","target":{"@type":"EntryPoint","urlTemplate":"https:\/\/id-home.be\/?s={search_term_string}"},"query-input":"required name=search_term_string"}],"inLanguage":"nl"},{"@type":"ImageObject","@id":"https:\/\/id-home.be\/nl\/contact\/#primaryimage","inLanguage":"nl","url":"\/wp-content\/uploads\/2020\/11\/Footer_ID.png","contentUrl":"\/wp-content\/uploads\/2020\/11\/Footer_ID.png"},{"@type":"WebPage","@id":"https:\/\/id-home.be\/nl\/contact\/#webpage","url":"https:\/\/id-home.be\/nl\/contact\/","name":"Contact - ID Home","isPartOf":{"@id":"https:\/\/id-home.be\/#website"},"primaryImageOfPage":{"@id":"https:\/\/id-home.be\/nl\/contact\/#primaryimage"},"datePublished":"2017-04-19T07:58:39+00:00","dateModified":"2022-04-26T08:30:34+00:00","breadcrumb":{"@id":"https:\/\/id-home.be\/nl\/contact\/#breadcrumb"},"inLanguage":"nl","potentialAction":[{"@type":"ReadAction","target":["https:\/\/id-home.be\/nl\/contact\/"]}]},{"@type":"BreadcrumbList","@id":"https:\/\/id-home.be\/nl\/contact\/#breadcrumb","itemListElement":[{"@type":"ListItem","position":1,"name":"Accueil","item":"https:\/\/id-home.be\/nl\/"},{"@type":"ListItem","position":2,"name":"Contact"}]}]}},"_links":{"self":[{"href":"https:\/\/id-home.be\/nl\/wp-json\/wp\/v2\/pages\/2271"}],"collection":[{"href":"https:\/\/id-home.be\/nl\/wp-json\/wp\/v2\/pages"}],"about":[{"href":"https:\/\/id-home.be\/nl\/wp-json\/wp\/v2\/types\/page"}],"author":[{"embeddable":true,"href":"https:\/\/id-home.be\/nl\/wp-json\/wp\/v2\/users\/1"}],"replies":[{"embeddable":true,"href":"https:\/\/id-home.be\/nl\/wp-json\/wp\/v2\/comments?post=2271"}],"version-history":[{"count":16,"href":"https:\/\/id-home.be\/nl\/wp-json\/wp\/v2\/pages\/2271\/revisions"}],"predecessor-version":[{"id":2567,"href":"https:\/\/id-home.be\/nl\/wp-json\/wp\/v2\/pages\/2271\/revisions\/2567"}],"wp:attachment":[{"href":"https:\/\/id-home.be\/nl\/wp-json\/wp\/v2\/media?parent=2271"}],"curies":[{"name":"wp","href":"https:\/\/api.w.org\/{rel}","templated":true}]}}